{"id":11,"date":"2014-09-06T08:04:30","date_gmt":"2014-09-06T06:04:30","guid":{"rendered":"http:\/\/www.progettoeambiente.it\/?page_id=11"},"modified":"2014-09-09T17:33:31","modified_gmt":"2014-09-09T15:33:31","slug":"ambiente","status":"publish","type":"page","link":"https:\/\/www.progettoeambiente.it\/?page_id=11","title":{"rendered":"Ambiente"},"content":{"rendered":"<p><strong>NOI ABBIAMO LA POSSIBILITA&#8217; DI SCEGLIERE IL NOSTRO FUTURO<\/strong><\/p>\n<p>L&#8217;energia e il clima sono i due temi fondamentali che decideranno il nostro futuro. L&#8217;energie fossili si stanno inevitabilmente esaurendo e il loro utilizzo ha come conseguenza il surriscaldamento del globo terrestre. Dobbiamo essere veloci, per poter limitare i danni di questo cambiamento. Dobbiamo rivoluzionare il modo in cui si produce e si consuma l&#8217;energia e arrivare a liberarci dalla dipendenza da petrolio, carbone e gas naturale. Il modo pi\u00f9 semplice da cui iniziare questa rivoluzione sono le nostre case, gli edifici consumano circa la met\u00e0 dell&#8217;energia globale. Ad oggi esistono gi\u00e0 le tecnologie per costruire abitazioni ad alta efficenza energetica, sono solo da applicare. Inoltre grazie al risanamento energetico, negli edifici esistenti \u00e8 possibile ridurre le emissioni di CO2 fino all&#8217;80%!<\/p>\n","protected":false},"excerpt":{"rendered":"<p>NOI ABBIAMO LA POSSIBILITA&#8217; DI SCEGLIERE IL NOSTRO FUTURO L&#8217;energia e il clima sono i due temi fondamentali che decideranno il nostro futuro. L&#8217;energie fossili si stanno inevitabilmente esaurendo e il loro utilizzo ha come conseguenza il surriscaldamento del globo terrestre. Dobbiamo essere veloci, per poter limitare i danni di questo cambiamento. Dobbiamo rivoluzionare il [&hellip;]<\/p>\n","protected":false},"author":1,"featured_media":0,"parent":5,"menu_order":2,"comment_status":"closed","ping_status":"closed","template":"","meta":{"footnotes":""},"class_list":["post-11","page","type-page","status-publish","hentry"],"_links":{"self":[{"href":"https:\/\/www.progettoeambiente.it\/index.php?rest_route=\/wp\/v2\/pages\/11","targetHints":{"allow":["GET"]}}],"collection":[{"href":"https:\/\/www.progettoeambiente.it\/index.php?rest_route=\/wp\/v2\/pages"}],"about":[{"href":"https:\/\/www.progettoeambiente.it\/index.php?rest_route=\/wp\/v2\/types\/page"}],"author":[{"embeddable":true,"href":"https:\/\/www.progettoeambiente.it\/index.php?rest_route=\/wp\/v2\/users\/1"}],"replies":[{"embeddable":true,"href":"https:\/\/www.progettoeambiente.it\/index.php?rest_route=%2Fwp%2Fv2%2Fcomments&post=11"}],"version-history":[{"count":3,"href":"https:\/\/www.progettoeambiente.it\/index.php?rest_route=\/wp\/v2\/pages\/11\/revisions"}],"predecessor-version":[{"id":57,"href":"https:\/\/www.progettoeambiente.it\/index.php?rest_route=\/wp\/v2\/pages\/11\/revisions\/57"}],"up":[{"embeddable":true,"href":"https:\/\/www.progettoeambiente.it\/index.php?rest_route=\/wp\/v2\/pages\/5"}],"wp:attachment":[{"href":"https:\/\/www.progettoeambiente.it\/index.php?rest_route=%2Fwp%2Fv2%2Fmedia&parent=11"}],"curies":[{"name":"wp","href":"https:\/\/api.w.org\/{rel}","templated":true}]}}