{"id":24,"date":"2014-09-06T10:48:29","date_gmt":"2014-09-06T08:48:29","guid":{"rendered":"http:\/\/www.progettoeambiente.it\/?page_id=24"},"modified":"2014-10-01T21:02:06","modified_gmt":"2014-10-01T19:02:06","slug":"progetti-a-basso-consumo","status":"publish","type":"page","link":"https:\/\/www.progettoeambiente.it\/?page_id=24","title":{"rendered":"Progetti a basso consumo"},"content":{"rendered":"<p><strong>STAI PENSANDO SE COSTRUIRE UNA CASA NUOVA O RISTRUTTURARE QUELLA VECCHIA? NON IMPORTA COSA TU SCEGLIERAI, L&#8217;IMPORTANTE E&#8217; CHE CONSUMI POCO!<\/strong><\/p>\n<p>Hai intenzione di fare casa? Poniti questa domanda:&#8221;QUANTO SONO DISPOSTO A SPENDERE PER IL RISCALDAMENTO DI CASA MIA?&#8221;. Quando una persona va a comprare una macchina la prima cosa che guarda oggi dopo l&#8217;aspetto estetico \u00e8 il consumo, perch\u00e8 non fare la stessa riflessione sulla casa? Attualmente esistono le tecnologie che ci permettono di abbattere totalmente i costi per il riscaldamento, sta solo a noi decidere di quanto!<\/p>\n<p>E&#8217; senza dubbio meglio costruire una costruzione da zero che intervenire sull&#8217;esistente perch\u00e8, oltre ad avere tutta la libert\u00e0 architettonica, si costruisce (la norma vorrebbe ma non sempre \u00e8 cos\u00ec) senza ponti termici, mentre in una ristrutturazione i ponti termici sono da risolvere e questo pu\u00f2 essere un elemento discriminante non da poco in termini economici per la scelta di questa soluzione.<\/p>\n<p>Meglio una struttura in muratura o una casa prefabbricata?\u00a0 Dipende, se si paragona un progetto realizzato con le stesse prestazioni energetiche le due soluzioni si equivalgono. Una casa \u00e8 buona, \u00e8 fatta bene se oltre dal lato economico ti soddisfa, anche da quello del comfort ambientale interno.<\/p>\n<p><a href=\"https:\/\/www.progettoeambiente.it\/wp-content\/uploads\/2014\/09\/perdite-calore-casa-normale248.jpg\"><img loading=\"lazy\" decoding=\"async\" class=\" wp-image-116 aligncenter\" src=\"https:\/\/www.progettoeambiente.it\/wp-content\/uploads\/2014\/09\/perdite-calore-casa-normale248-300x296.jpg\" alt=\"perdite calore casa normale248\" width=\"367\" height=\"362\" data-id=\"116\" srcset=\"https:\/\/www.progettoeambiente.it\/wp-content\/uploads\/2014\/09\/perdite-calore-casa-normale248-300x296.jpg 300w, https:\/\/www.progettoeambiente.it\/wp-content\/uploads\/2014\/09\/perdite-calore-casa-normale248-640x631.jpg 640w, https:\/\/www.progettoeambiente.it\/wp-content\/uploads\/2014\/09\/perdite-calore-casa-normale248.jpg 900w\" sizes=\"auto, (max-width: 367px) 100vw, 367px\" \/><\/a>Se noi abbiamo un edificio dobbiamo tener presente come sono distribuite le dispersioni e successivamente decidere come e dove intervenire. In caso di ristrutturazione si pu\u00f2 valutare di esereguire diversi interventi in pi\u00f9 fasi.<\/p>\n<p>Il segreto, comunque sia, \u00e8 fare un buon involucro e risparmiare sugli impianti e non il contrario! Se io ho un involucro che mi disperde 500\u20ac all&#8217;anno di metano per riscaldare casa avr\u00f2 bisgono di una piccola caldaia (o pompa di calore), mentre se mi disperde 2.500\u20ac all&#8217;anno di metano avr\u00f2 bisogno di una caldaia molto grossa.<\/p>\n<p>Chiedere una consulenza ad un tecnico qualificato vi permetterebbe di avere la casa che voi volete, ad un basso consumo energetico.<\/p>\n<p>&nbsp;<\/p>\n<p>&nbsp;<\/p>\n","protected":false},"excerpt":{"rendered":"<p>STAI PENSANDO SE COSTRUIRE UNA CASA NUOVA O RISTRUTTURARE QUELLA VECCHIA? NON IMPORTA COSA TU SCEGLIERAI, L&#8217;IMPORTANTE E&#8217; CHE CONSUMI POCO! Hai intenzione di fare casa? Poniti questa domanda:&#8221;QUANTO SONO DISPOSTO A SPENDERE PER IL RISCALDAMENTO DI CASA MIA?&#8221;. Quando una persona va a comprare una macchina la prima cosa che guarda oggi dopo l&#8217;aspetto [&hellip;]<\/p>\n","protected":false},"author":1,"featured_media":0,"parent":18,"menu_order":3,"comment_status":"closed","ping_status":"closed","template":"","meta":{"footnotes":""},"class_list":["post-24","page","type-page","status-publish","hentry"],"_links":{"self":[{"href":"https:\/\/www.progettoeambiente.it\/index.php?rest_route=\/wp\/v2\/pages\/24","targetHints":{"allow":["GET"]}}],"collection":[{"href":"https:\/\/www.progettoeambiente.it\/index.php?rest_route=\/wp\/v2\/pages"}],"about":[{"href":"https:\/\/www.progettoeambiente.it\/index.php?rest_route=\/wp\/v2\/types\/page"}],"author":[{"embeddable":true,"href":"https:\/\/www.progettoeambiente.it\/index.php?rest_route=\/wp\/v2\/users\/1"}],"replies":[{"embeddable":true,"href":"https:\/\/www.progettoeambiente.it\/index.php?rest_route=%2Fwp%2Fv2%2Fcomments&post=24"}],"version-history":[{"count":11,"href":"https:\/\/www.progettoeambiente.it\/index.php?rest_route=\/wp\/v2\/pages\/24\/revisions"}],"predecessor-version":[{"id":129,"href":"https:\/\/www.progettoeambiente.it\/index.php?rest_route=\/wp\/v2\/pages\/24\/revisions\/129"}],"up":[{"embeddable":true,"href":"https:\/\/www.progettoeambiente.it\/index.php?rest_route=\/wp\/v2\/pages\/18"}],"wp:attachment":[{"href":"https:\/\/www.progettoeambiente.it\/index.php?rest_route=%2Fwp%2Fv2%2Fmedia&parent=24"}],"curies":[{"name":"wp","href":"https:\/\/api.w.org\/{rel}","templated":true}]}}